{"id":49,"date":"2017-08-01T14:20:55","date_gmt":"2017-08-01T14:20:55","guid":{"rendered":"http:\/\/fwnk.wordpress.suares.com\/?page_id=49"},"modified":"2023-12-29T16:37:02","modified_gmt":"2023-12-29T20:37:02","slug":"wega-di-number-korsou","status":"publish","type":"page","link":"https:\/\/fwnk.cw\/en\/wega-di-number-korsou\/","title":{"rendered":"Cura\u00e7ao Lottery"},"content":{"rendered":"<p>[et_pb_section fb_built=&#8221;1&#8243; custom_padding_last_edited=&#8221;on|desktop&#8221; module_id=&#8221;banner&#8221; _builder_version=&#8221;4.16&#8243; background_color=&#8221;#ffffff&#8221; custom_padding=&#8221;0px|0px|0px|0px&#8221; custom_padding_tablet=&#8221;50px|0|50px|0&#8243; custom_padding_phone=&#8221;&#8221; padding_mobile=&#8221;off&#8221; locked=&#8221;off&#8221; global_colors_info=&#8221;{}&#8221;][et_pb_row padding_mobile=&#8221;off&#8221; column_padding_mobile=&#8221;on&#8221; module_class=&#8221; et_pb_row_fullwidth et_pb_row_fullwidth et_pb_row_fullwidth et_pb_row_fullwidth et_pb_row_fullwidth et_pb_row_fullwidth et_pb_row_fullwidth et_pb_row_fullwidth et_pb_row_fullwidth et_pb_row_fullwidth et_pb_row_fullwidth&#8221; _builder_version=&#8221;4.20.2&#8243; background_size=&#8221;initial&#8221; background_position=&#8221;top_left&#8221; background_repeat=&#8221;repeat&#8221; width=&#8221;100%&#8221; width_tablet=&#8221;100%&#8221; width_phone=&#8221;&#8221; width_last_edited=&#8221;on|tablet&#8221; max_width=&#8221;100%&#8221; max_width_tablet=&#8221;100%&#8221; max_width_phone=&#8221;&#8221; max_width_last_edited=&#8221;on|phone&#8221; custom_padding=&#8221;0px|0px|0px|0px&#8221; make_fullwidth=&#8221;on&#8221; use_custom_width=&#8221;off&#8221; width_unit=&#8221;on&#8221; global_colors_info=&#8221;{}&#8221;][et_pb_column type=&#8221;4_4&#8243; _builder_version=&#8221;4.16&#8243; custom_padding=&#8221;|||&#8221; global_colors_info=&#8221;{}&#8221; custom_padding__hover=&#8221;|||&#8221;][et_pb_image src=&#8221;@ET-DC@eyJkeW5hbWljIjp0cnVlLCJjb250ZW50IjoicG9zdF9mZWF0dXJlZF9pbWFnZSIsInNldHRpbmdzIjp7fX0=@&#8221; force_fullwidth=&#8221;on&#8221; _builder_version=&#8221;4.20.2&#8243; _dynamic_attributes=&#8221;src&#8221; _module_preset=&#8221;default&#8221; global_colors_info=&#8221;{}&#8221;][\/et_pb_image][\/et_pb_column][\/et_pb_row][\/et_pb_section][et_pb_section fb_built=&#8221;1&#8243; admin_label=&#8221;section&#8221; _builder_version=&#8221;4.16&#8243; global_colors_info=&#8221;{}&#8221;][et_pb_row column_structure=&#8221;1_3,2_3&#8243; padding_mobile=&#8221;off&#8221; column_padding_mobile=&#8221;on&#8221; admin_label=&#8221;row&#8221; module_class=&#8221;toggel&#8221; _builder_version=&#8221;4.16&#8243; background_size=&#8221;initial&#8221; background_position=&#8221;top_left&#8221; background_repeat=&#8221;repeat&#8221; make_fullwidth=&#8221;off&#8221; use_custom_width=&#8221;off&#8221; width_unit=&#8221;on&#8221; global_colors_info=&#8221;{}&#8221;][et_pb_column type=&#8221;1_3&#8243; _builder_version=&#8221;4.16&#8243; custom_padding=&#8221;|||&#8221; global_colors_info=&#8221;{}&#8221; custom_padding__hover=&#8221;|||&#8221;][et_pb_sidebar area=&#8221;et_pb_widget_area_3&#8243; admin_label=&#8221;Niet aanpassen&#8221; module_class=&#8221;resultado2&#8243; _builder_version=&#8221;4.20.2&#8243; global_colors_info=&#8221;{}&#8221;]<\/p>\n<p>\n&nbsp;<\/p>\n<p>[\/et_pb_sidebar][\/et_pb_column][et_pb_column type=&#8221;2_3&#8243; _builder_version=&#8221;4.16&#8243; custom_padding=&#8221;|||&#8221; global_colors_info=&#8221;{}&#8221; custom_padding__hover=&#8221;|||&#8221;][et_pb_text disabled_on=&#8221;off|off|off&#8221; _builder_version=&#8221;4.23.4&#8243; background_size=&#8221;initial&#8221; background_position=&#8221;top_left&#8221; background_repeat=&#8221;repeat&#8221; hover_enabled=&#8221;0&#8243; border_style=&#8221;solid&#8221; global_colors_info=&#8221;{}&#8221; sticky_enabled=&#8221;0&#8243;]<\/p>\n<h1>Cura\u00e7ao Lottery (Wega di Number K\u00f2rsou)<\/h1>\n<p>The Cura\u00e7ao Lottery organized by FWNK has become an important concept in the community. The live broadcast of the daily drawing receives high viewing ratings and ranks as the second most popular show on TeleCura\u00e7ao.<\/p>\n<p>[\/et_pb_text][et_pb_toggle title=&#8221;How to play&#8221; admin_label=&#8221;How to play&#8221; _builder_version=&#8221;4.23.4&#8243; background_size=&#8221;initial&#8221; background_position=&#8221;top_left&#8221; background_repeat=&#8221;repeat&#8221; use_border_color=&#8221;off&#8221; border_color=&#8221;#ffffff&#8221; border_style=&#8221;solid&#8221; global_colors_info=&#8221;{}&#8221;]<\/p>\n<ul>\n<li>Select a four (4) digit number combination between 0000 and 9999.<\/li>\n<li>You can buy different number combinations (play types): \u2018Match 4\u2019, \u2018Match last 3\u2019, \u2018Match last 2\u2019 or \u2018Back and Front\u2019.<\/li>\n<li>You will receive a ticket with your selected number(s), the drawing date, price, identification number and the value of each number. Remember to check your ticket before leaving. You are responsible for the accuracy of the information on your ticket.<\/li>\n<li>Each number costs a minimum of 25 cents.<\/li>\n<li>Each number gives you one chance to win.<\/li>\n<\/ul>\n<p>[\/et_pb_toggle][et_pb_toggle title=&#8221;How to win&#8221; admin_label=&#8221;How to win&#8221; _builder_version=&#8221;4.23.4&#8243; background_size=&#8221;initial&#8221; background_position=&#8221;top_left&#8221; background_repeat=&#8221;repeat&#8221; use_border_color=&#8221;off&#8221; border_color=&#8221;#ffffff&#8221; border_style=&#8221;solid&#8221; global_colors_info=&#8221;{}&#8221;]<\/p>\n<ul>\n<li>\n<p>Check the official drawing results to see if you are a winner! The Cura\u00e7ao Lottery drawings organized by FWNK are broadcast live every evening at 9 pm on TeleCura\u00e7ao.<\/p>\n<\/li>\n<li>\n<p>The drawing results with the winning numbers are also printed the next day in the local newspapers.<\/p>\n<\/li>\n<li>\n<p>If the 4 numbers you purchased match the first set of winning numbers drawn in the official drawing on the date of purchase, you win the first prize of Wega di Number K\u00f2rsou.<\/p>\n<\/li>\n<li>\n<p>If your 4 numbers purchased match the second set of winning numbers drawn in the official drawing on the date of purchase, you win the second prize of Wega di Number K\u00f2rsou.<\/p>\n<\/li>\n<li>\n<p>If your 4 numbers match the third set of winning numbers drawn in the official drawing on the date you purchased, you win the third prize of Wega di Number K\u00f2rsou.<\/p>\n<\/li>\n<\/ul>\n<p>[\/et_pb_toggle][\/et_pb_column][\/et_pb_row][\/et_pb_section]<\/p>\n","protected":false},"excerpt":{"rendered":"<p>&nbsp; Cura\u00e7ao Lottery (Wega di Number K\u00f2rsou) The Cura\u00e7ao Lottery organized by FWNK has become an important concept in the community. The live broadcast of the daily drawing receives high viewing ratings and ranks as the second most popular show on TeleCura\u00e7ao. Select a four (4) digit number combination between 0000 and 9999. You can [&hellip;]<\/p>\n","protected":false},"author":6,"featured_media":7219,"parent":0,"menu_order":200,"comment_status":"closed","ping_status":"closed","template":"page-fwnk.php","meta":{"_et_pb_use_builder":"on","_et_pb_old_content":"","_et_gb_content_width":"","footnotes":""},"class_list":["post-49","page","type-page","status-publish","has-post-thumbnail","hentry"],"_links":{"self":[{"href":"https:\/\/fwnk.cw\/en\/wp-json\/wp\/v2\/pages\/49","targetHints":{"allow":["GET"]}}],"collection":[{"href":"https:\/\/fwnk.cw\/en\/wp-json\/wp\/v2\/pages"}],"about":[{"href":"https:\/\/fwnk.cw\/en\/wp-json\/wp\/v2\/types\/page"}],"author":[{"embeddable":true,"href":"https:\/\/fwnk.cw\/en\/wp-json\/wp\/v2\/users\/6"}],"replies":[{"embeddable":true,"href":"https:\/\/fwnk.cw\/en\/wp-json\/wp\/v2\/comments?post=49"}],"version-history":[{"count":0,"href":"https:\/\/fwnk.cw\/en\/wp-json\/wp\/v2\/pages\/49\/revisions"}],"wp:featuredmedia":[{"embeddable":true,"href":"https:\/\/fwnk.cw\/en\/wp-json\/wp\/v2\/media\/7219"}],"wp:attachment":[{"href":"https:\/\/fwnk.cw\/en\/wp-json\/wp\/v2\/media?parent=49"}],"curies":[{"name":"wp","href":"https:\/\/api.w.org\/{rel}","templated":true}]}}